{"id":754,"date":"2022-06-10T05:20:54","date_gmt":"2022-06-10T03:20:54","guid":{"rendered":"https:\/\/twotimes.events\/serveis\/360o-experience\/"},"modified":"2024-02-09T12:37:58","modified_gmt":"2024-02-09T11:37:58","slug":"360o-experience","status":"publish","type":"page","link":"https:\/\/twotimes.events\/ca\/serveis\/360o-experience\/","title":{"rendered":"Show Digital Twin"},"content":{"rendered":"<p><div class=\"fusion-fullwidth fullwidth-box fusion-builder-row-1 fusion-flex-container nonhundred-percent-fullwidth non-hundred-percent-height-scrolling\" style=\"--awb-border-radius-top-left:0px;--awb-border-radius-top-right:0px;--awb-border-radius-bottom-right:0px;--awb-border-radius-bottom-left:0px;--awb-padding-top:140px;--awb-padding-bottom:60px;--awb-min-height:100vh;--awb-background-color:#000000;\" ><div class=\"fusion-builder-row fusion-row fusion-flex-align-items-flex-start fusion-flex-align-content-center\" style=\"max-width:1248px;margin-left: calc(-4% \/ 2 );margin-right: calc(-4% \/ 2 );\"><div class=\"fusion-layout-column fusion_builder_column fusion-builder-column-0 fusion_builder_column_1_2 1_2 fusion-flex-column\" style=\"--awb-bg-size:cover;--awb-width-large:50%;--awb-margin-top-large:0px;--awb-spacing-right-large:3.84%;--awb-margin-bottom-large:0px;--awb-spacing-left-large:3.84%;--awb-width-medium:50%;--awb-order-medium:0;--awb-spacing-right-medium:3.84%;--awb-spacing-left-medium:3.84%;--awb-width-small:100%;--awb-order-small:0;--awb-spacing-right-small:1.92%;--awb-spacing-left-small:1.92%;\"><div class=\"fusion-column-wrapper fusion-column-has-shadow fusion-flex-justify-content-flex-start fusion-content-layout-column\"><div class=\"fusion-title title fusion-title-1 fusion-sep-none fusion-title-text fusion-title-size-one\" style=\"--awb-text-color:#ffffff;--awb-margin-bottom:30px;--awb-font-size:40px;\"><h1 class=\"title-heading-left fusion-responsive-typography-calculated\" style=\"margin:0;font-size:1em;--fontSize:40;line-height:var(--awb-typography1-line-height);\">SHOW DIGITAL TWIN<\/p>\n<p>Dale una nueva vida a tu evento f\u00edsico<\/p><\/h1><\/div><div class=\"fusion-text fusion-text-1\" style=\"--awb-text-color:#ffffff;\"><p>Digitaliza tu evento f\u00edsico a trav\u00e9s de nuestra soluci\u00f3n de Show Digital Twin. Creamos un tour virtual 360\u00ba interactivo a trav\u00e9s de tecnolog\u00eda 360\u00ba y Realidad Virtual, permitiendo al usuario recorrer el espacio y descubrir cada detalle, mejorando su experiencia y su percepci\u00f3n sobre el evento. Adem\u00e1s, aportamos valor a los expositores y los colaboradores gracias a incluir su informaci\u00f3n de forma clara y atractiva aumentando as\u00ed su alcance.<\/p>\n<p>El servicio incluye personalizaci\u00f3n de la interfaz, un mapa para facilitar la navegaci\u00f3n y la orientaci\u00f3n, un buscador de expositores y sectores, un espacio de contenido media y an\u00e1lisis Big Data de los visitantes.<\/p>\n<p>Los principales beneficios son:<\/p>\n<ul>\n<li>Potenciar el evento f\u00edsico d\u00e1ndole continuidad online<\/li>\n<li>Aumento exponencial de visitantes &#8211; Entre un 20% y 40% m\u00e1s<\/li>\n<li>Mayor alcance e impacto del evento. Visibilidad m\u00e1s all\u00e1 del \u00e1rea geogr\u00e1fica del evento (nacional e internacional)<\/li>\n<li>Incremento del volumen de negocio tanto para organizadores como expositores y colaboradores<\/li>\n<li>Monetizaci\u00f3n del servicio por parte del organizador<\/li>\n<li>Obtenci\u00f3n de m\u00e9tricas y datos<\/li>\n<li>Repositorio e hist\u00f3rico de todas las ediciones<\/li>\n<\/ul>\n<p><b>VISITA NUESTRA DEMO PERMANENTE DE UN CASO REAL<\/b><\/p>\n<p><u><a style=\"color: #ffffff;\" href=\"https:\/\/twotimes.events\/demo_tour\" target=\"_blank\" rel=\"noopener noreferrer\">https:\/\/twotimes.events\/demo_tour<\/a><\/u><\/p>\n<\/div><\/div><\/div><div class=\"fusion-layout-column fusion_builder_column fusion-builder-column-1 fusion_builder_column_1_2 1_2 fusion-flex-column\" style=\"--awb-bg-size:cover;--awb-width-large:50%;--awb-margin-top-large:0px;--awb-spacing-right-large:3.84%;--awb-margin-bottom-large:0px;--awb-spacing-left-large:3.84%;--awb-width-medium:50%;--awb-order-medium:0;--awb-spacing-right-medium:3.84%;--awb-spacing-left-medium:3.84%;--awb-width-small:100%;--awb-order-small:0;--awb-spacing-right-small:1.92%;--awb-spacing-left-small:1.92%;\"><div class=\"fusion-column-wrapper fusion-column-has-shadow fusion-flex-justify-content-flex-start fusion-content-layout-column\"><div class=\"fusion-image-element \" style=\"--awb-caption-title-font-family:var(--h2_typography-font-family);--awb-caption-title-font-weight:var(--h2_typography-font-weight);--awb-caption-title-font-style:var(--h2_typography-font-style);--awb-caption-title-size:var(--h2_typography-font-size);--awb-caption-title-transform:var(--h2_typography-text-transform);--awb-caption-title-line-height:var(--h2_typography-line-height);--awb-caption-title-letter-spacing:var(--h2_typography-letter-spacing);\"><span class=\" fusion-imageframe imageframe-none imageframe-1 hover-type-none\" class=\"image-magnify\" class=\"image-scroll\"><img decoding=\"async\" width=\"2560\" height=\"1707\" title=\"fabio-lucas-_eYDuLSjkpw-unsplash copia\" src=\"https:\/\/twotimes.events\/wp-content\/uploads\/2022\/06\/fabio-lucas-_eYDuLSjkpw-unsplash-copia-scaled.jpg\" alt class=\"img-responsive wp-image-585\" srcset=\"https:\/\/twotimes.events\/wp-content\/uploads\/2022\/06\/fabio-lucas-_eYDuLSjkpw-unsplash-copia-200x133.jpg 200w, https:\/\/twotimes.events\/wp-content\/uploads\/2022\/06\/fabio-lucas-_eYDuLSjkpw-unsplash-copia-400x267.jpg 400w, https:\/\/twotimes.events\/wp-content\/uploads\/2022\/06\/fabio-lucas-_eYDuLSjkpw-unsplash-copia-600x400.jpg 600w, https:\/\/twotimes.events\/wp-content\/uploads\/2022\/06\/fabio-lucas-_eYDuLSjkpw-unsplash-copia-800x533.jpg 800w, https:\/\/twotimes.events\/wp-content\/uploads\/2022\/06\/fabio-lucas-_eYDuLSjkpw-unsplash-copia-1200x800.jpg 1200w, https:\/\/twotimes.events\/wp-content\/uploads\/2022\/06\/fabio-lucas-_eYDuLSjkpw-unsplash-copia-scaled.jpg 2560w\" sizes=\"(max-width: 640px) 100vw, 600px\" \/><\/span><\/div><\/div><\/div><\/div><\/div><div class=\"fusion-fullwidth fullwidth-box fusion-builder-row-2 fusion-flex-container nonhundred-percent-fullwidth non-hundred-percent-height-scrolling\" style=\"--awb-border-radius-top-left:0px;--awb-border-radius-top-right:0px;--awb-border-radius-bottom-right:0px;--awb-border-radius-bottom-left:0px;--awb-padding-top:60px;--awb-padding-bottom:60px;--awb-background-color:var(--awb-color2);\" ><div class=\"fusion-builder-row fusion-row fusion-flex-align-items-flex-start\" style=\"max-width:1248px;margin-left: calc(-4% \/ 2 );margin-right: calc(-4% \/ 2 );\"><div class=\"fusion-layout-column fusion_builder_column fusion-builder-column-2 fusion_builder_column_1_1 1_1 fusion-flex-column\" style=\"--awb-bg-size:cover;--awb-width-large:100%;--awb-margin-top-large:0px;--awb-spacing-right-large:1.92%;--awb-margin-bottom-large:25px;--awb-spacing-left-large:1.92%;--awb-width-medium:100%;--awb-order-medium:0;--awb-spacing-right-medium:1.92%;--awb-spacing-left-medium:1.92%;--awb-width-small:100%;--awb-order-small:0;--awb-spacing-right-small:1.92%;--awb-spacing-left-small:1.92%;\"><div class=\"fusion-column-wrapper fusion-column-has-shadow fusion-flex-justify-content-flex-start fusion-content-layout-column\"><div class=\"fusion-title title fusion-title-2 fusion-sep-none fusion-title-text fusion-title-size-div\" style=\"--awb-text-color:#ffffff;--awb-margin-bottom:30px;--awb-font-size:30px;\"><div class=\"title-heading-left title-heading-tag fusion-responsive-typography-calculated\" style=\"margin:0;font-size:1em;--fontSize:30;line-height:var(--awb-typography4-line-height);\">Descubre nuestros proyectos &#8211; Show Digital Twin<\/div><\/div><\/div><\/div><div class=\"fusion-layout-column fusion_builder_column fusion-builder-column-3 fusion_builder_column_1_3 1_3 fusion-flex-column\" style=\"--awb-bg-size:cover;--awb-width-large:33.333333333333%;--awb-margin-top-large:0px;--awb-spacing-right-large:5.76%;--awb-margin-bottom-large:25px;--awb-spacing-left-large:5.76%;--awb-width-medium:33.333333333333%;--awb-order-medium:0;--awb-spacing-right-medium:5.76%;--awb-spacing-left-medium:5.76%;--awb-width-small:100%;--awb-order-small:0;--awb-spacing-right-small:1.92%;--awb-spacing-left-small:1.92%;\"><div class=\"fusion-column-wrapper fusion-column-has-shadow fusion-flex-justify-content-flex-start fusion-content-layout-column\"><div class=\"fusion-video fusion-youtube\" style=\"--awb-max-width:600px;--awb-max-height:360px;\"><div class=\"video-shortcode\"><priv-fac-lite-youtube class=\"fusion-hidden\" data-privacy-type=\"youtube\" videoid=\"Qd5hEP7wnao\" class=\"landscape\" params=\"wmode=transparent&autoplay=1&amp;rel=0&enablejsapi=1\" title=\"YouTube video player 1\" width=\"600\" height=\"360\"><\/priv-fac-lite-youtube><div class=\"fusion-privacy-placeholder\" style=\"width:600px; height:360px;\" data-privacy-type=\"youtube\"><div class=\"fusion-privacy-placeholder-content\"><div class=\"fusion-privacy-label\">For privacy reasons YouTube needs your permission to be loaded. For more details, please see our <a class=\"privacy-policy-link\" href=\"https:\/\/twotimes.events\/politica-privacidad\/\" rel=\"privacy-policy\">Pol\u00edtica de privacidad<\/a>.<\/div><a href=\"\" data-privacy-type=\"youtube\" class=\"fusion-button button-default fusion-button-default-size button fusion-privacy-consent\">I Accept<\/a><\/div><\/div><\/div><\/div><div class=\"fusion-title title fusion-title-3 fusion-sep-none fusion-title-text fusion-title-size-div\" style=\"--awb-text-color:#ffffff;--awb-font-size:22px;\"><div class=\"title-heading-left title-heading-tag fusion-responsive-typography-calculated\" style=\"margin:0;font-size:1em;--fontSize:22;--minFontSize:22;line-height:var(--awb-typography4-line-height);\">Mobile World Congress<\/div><\/div><div class=\"fusion-title title fusion-title-4 fusion-sep-none fusion-title-text fusion-title-size-div\" style=\"--awb-text-color:#ffffff;--awb-font-size:16px;\"><div class=\"title-heading-left title-heading-tag fusion-responsive-typography-calculated\" style=\"margin:0;font-size:1em;--fontSize:16;--minFontSize:16;line-height:var(--awb-typography4-line-height);\">Visualiza el Show Digital Twin del Mobile World Congress 2023.<\/p>\n<div>\n<p><span style=\"color: var(--awb-text-color); font-size: 1em; background-color: var(--awb-bg-color-hover); font-family: var(--body_typography-font-family); font-style: var(--body_typography-font-style,normal); font-weight: var(--body_typography-font-weight); letter-spacing: var(--body_typography-letter-spacing);\">\u00a0<\/span><\/p>\n<p><span style=\"color: var(--awb-text-color); font-size: 1em; background-color: var(--awb-bg-color-hover); font-family: var(--body_typography-font-family); font-style: var(--body_typography-font-style,normal); font-weight: var(--body_typography-font-weight); letter-spacing: var(--body_typography-letter-spacing);\">Este proyecto ha sido financiado por el diario El Peri\u00f3dico para sus suscriptores, por lo que no se dispone de informaci\u00f3n ni m\u00e9tricas.<\/span><\/p>\n<p><span style=\"color: var(--awb-text-color); font-size: 1em; background-color: var(--awb-bg-color-hover); font-family: var(--body_typography-font-family); font-style: var(--body_typography-font-style,normal); font-weight: var(--body_typography-font-weight); letter-spacing: var(--body_typography-letter-spacing);\">Vis\u00edtalo en directo: <\/span><span style=\"font-size: 1em; background-color: var(--awb-bg-color-hover); font-family: var(--body_typography-font-family); font-style: var(--body_typography-font-style,normal); font-weight: var(--body_typography-font-weight); letter-spacing: var(--body_typography-letter-spacing); color: #fcfcfc;\"><u><a style=\"color: #fcfcfc;\" href=\"https:\/\/twotimes.events\/mwc23\" target=\"_blank\" rel=\"noopener noreferrer\">https:\/\/twotimes.events\/mwc23<\/a><\/u><\/span><\/p>\n<\/div><\/div><\/div><\/div><\/div><div class=\"fusion-layout-column fusion_builder_column fusion-builder-column-4 fusion_builder_column_1_3 1_3 fusion-flex-column\" style=\"--awb-bg-size:cover;--awb-width-large:33.333333333333%;--awb-margin-top-large:0px;--awb-spacing-right-large:5.76%;--awb-margin-bottom-large:25px;--awb-spacing-left-large:5.76%;--awb-width-medium:33.333333333333%;--awb-order-medium:0;--awb-spacing-right-medium:5.76%;--awb-spacing-left-medium:5.76%;--awb-width-small:100%;--awb-order-small:0;--awb-spacing-right-small:1.92%;--awb-spacing-left-small:1.92%;\"><div class=\"fusion-column-wrapper fusion-column-has-shadow fusion-flex-justify-content-flex-start fusion-content-layout-column\"><div class=\"fusion-video fusion-youtube\" style=\"--awb-max-width:600px;--awb-max-height:360px;\"><div class=\"video-shortcode\"><priv-fac-lite-youtube class=\"fusion-hidden\" data-privacy-type=\"youtube\" videoid=\"v0rXDFces04\" class=\"landscape\" params=\"wmode=transparent&autoplay=1&amp;rel=0&enablejsapi=1\" title=\"YouTube video player 2\" width=\"600\" height=\"360\"><\/priv-fac-lite-youtube><div class=\"fusion-privacy-placeholder\" style=\"width:600px; height:360px;\" data-privacy-type=\"youtube\"><div class=\"fusion-privacy-placeholder-content\"><div class=\"fusion-privacy-label\">For privacy reasons YouTube needs your permission to be loaded. For more details, please see our <a class=\"privacy-policy-link\" href=\"https:\/\/twotimes.events\/politica-privacidad\/\" rel=\"privacy-policy\">Pol\u00edtica de privacidad<\/a>.<\/div><a href=\"\" data-privacy-type=\"youtube\" class=\"fusion-button button-default fusion-button-default-size button fusion-privacy-consent\">I Accept<\/a><\/div><\/div><\/div><\/div><div class=\"fusion-title title fusion-title-5 fusion-sep-none fusion-title-text fusion-title-size-div\" style=\"--awb-text-color:#ffffff;--awb-font-size:22px;\"><div class=\"title-heading-left title-heading-tag fusion-responsive-typography-calculated\" style=\"margin:0;font-size:1em;--fontSize:22;--minFontSize:22;line-height:var(--awb-typography4-line-height);\">Sal\u00f3n Internacional de Log\u00edstica<\/div><\/div><div class=\"fusion-title title fusion-title-6 fusion-sep-none fusion-title-text fusion-title-size-div\" style=\"--awb-text-color:#ffffff;--awb-font-size:16px;\"><div class=\"title-heading-left title-heading-tag fusion-responsive-typography-calculated\" style=\"margin:0;font-size:1em;--fontSize:16;--minFontSize:16;line-height:var(--awb-typography4-line-height);\"><span style=\"background-color: var(--awb-bg-color); color: var(--awb-text-color); font-family: var(--body_typography-font-family); font-size: 1em; font-style: var(--body_typography-font-style,normal); font-weight: var(--body_typography-font-weight); letter-spacing: var(--body_typography-letter-spacing);\">Visualiza el Show <\/span>Digital Twin <span style=\"background-color: var(--awb-bg-color); color: var(--awb-text-color); font-family: var(--body_typography-font-family); font-size: 1em; font-style: var(--body_typography-font-style,normal); font-weight: var(--body_typography-font-weight); letter-spacing: var(--body_typography-letter-spacing);\">del Sal\u00f3n Internacional de la Log\u00edstica<\/span><\/p>\n<div>\n<div>\n<ul>\n<li><span style=\"color: var(--awb-text-color); font-size: 1em; background-color: var(--awb-bg-color-hover); font-family: var(--body_typography-font-family); font-style: var(--body_typography-font-style,normal); font-weight: var(--body_typography-font-weight); letter-spacing: var(--body_typography-letter-spacing);\">Expositores: <\/span><span style=\"color: var(--awb-text-color); font-size: 1em; background-color: var(--awb-bg-color-hover); font-family: var(--body_typography-font-family); font-style: var(--body_typography-font-style,normal); letter-spacing: var(--body_typography-letter-spacing);\"><b>710<\/b><\/span><\/li>\n<li><span style=\"color: var(--awb-text-color); font-size: 1em; background-color: var(--awb-bg-color-hover); font-family: var(--body_typography-font-family); font-style: var(--body_typography-font-style,normal); font-weight: var(--body_typography-font-weight); letter-spacing: var(--body_typography-letter-spacing);\">Asistentes presenciales: <\/span><strong style=\"color: var(--awb-text-color); font-size: 1em; background-color: var(--awb-bg-color-hover); font-family: var(--body_typography-font-family); font-style: var(--body_typography-font-style,normal); letter-spacing: var(--body_typography-letter-spacing);\">15.000<\/strong><\/li>\n<li><span style=\"color: var(--awb-text-color); font-size: 1em; background-color: var(--awb-bg-color-hover); font-family: var(--body_typography-font-family); font-style: var(--body_typography-font-style,normal); font-weight: var(--body_typography-font-weight); letter-spacing: var(--body_typography-letter-spacing);\">Asistentes online: <\/span><strong style=\"color: var(--awb-text-color); font-size: 1em; background-color: var(--awb-bg-color-hover); font-family: var(--body_typography-font-family); font-style: var(--body_typography-font-style,normal); letter-spacing: var(--body_typography-letter-spacing);\">3.000<\/strong><\/li>\n<li>Total asistentes: <strong>18.000<br \/>\n<\/strong><\/li>\n<li><span style=\"background-color: var(--awb-bg-color-hover); color: var(--awb-text-color); font-family: var(--body_typography-font-family); font-size: 1em; font-style: var(--body_typography-font-style,normal); font-weight: var(--body_typography-font-weight); letter-spacing: var(--body_typography-letter-spacing);\">Tiempo medio navegaci\u00f3n: <\/span><span style=\"background-color: var(--awb-bg-color-hover); color: var(--awb-text-color); font-family: var(--body_typography-font-family); font-size: 1em; font-style: var(--body_typography-font-style,normal); letter-spacing: var(--body_typography-letter-spacing);\"><b>24 minutos<\/b><\/span><\/li>\n<\/ul>\n<\/div>\n<\/div><\/div><\/div><\/div><\/div><div class=\"fusion-layout-column fusion_builder_column fusion-builder-column-5 fusion_builder_column_1_3 1_3 fusion-flex-column\" style=\"--awb-bg-size:cover;--awb-width-large:33.333333333333%;--awb-margin-top-large:0px;--awb-spacing-right-large:5.76%;--awb-margin-bottom-large:25px;--awb-spacing-left-large:5.76%;--awb-width-medium:33.333333333333%;--awb-order-medium:0;--awb-spacing-right-medium:5.76%;--awb-spacing-left-medium:5.76%;--awb-width-small:100%;--awb-order-small:0;--awb-spacing-right-small:1.92%;--awb-spacing-left-small:1.92%;\"><div class=\"fusion-column-wrapper fusion-column-has-shadow fusion-flex-justify-content-flex-start fusion-content-layout-column\"><div class=\"fusion-video fusion-youtube\" style=\"--awb-max-width:600px;--awb-max-height:360px;\"><div class=\"video-shortcode\"><priv-fac-lite-youtube class=\"fusion-hidden\" data-privacy-type=\"youtube\" videoid=\"vV9nydt9j-Q\" class=\"landscape\" params=\"wmode=transparent&autoplay=1&amp;rel=0&enablejsapi=1\" title=\"YouTube video player 3\" width=\"600\" height=\"360\"><\/priv-fac-lite-youtube><div class=\"fusion-privacy-placeholder\" style=\"width:600px; height:360px;\" data-privacy-type=\"youtube\"><div class=\"fusion-privacy-placeholder-content\"><div class=\"fusion-privacy-label\">For privacy reasons YouTube needs your permission to be loaded. For more details, please see our <a class=\"privacy-policy-link\" href=\"https:\/\/twotimes.events\/politica-privacidad\/\" rel=\"privacy-policy\">Pol\u00edtica de privacidad<\/a>.<\/div><a href=\"\" data-privacy-type=\"youtube\" class=\"fusion-button button-default fusion-button-default-size button fusion-privacy-consent\">I Accept<\/a><\/div><\/div><\/div><\/div><div class=\"fusion-title title fusion-title-7 fusion-sep-none fusion-title-text fusion-title-size-div\" style=\"--awb-text-color:#ffffff;--awb-font-size:22px;\"><div class=\"title-heading-left title-heading-tag fusion-responsive-typography-calculated\" style=\"margin:0;font-size:1em;--fontSize:22;--minFontSize:22;line-height:var(--awb-typography4-line-height);\">Barcelona meeting point<\/div><\/div><div class=\"fusion-title title fusion-title-8 fusion-sep-none fusion-title-text fusion-title-size-div\" style=\"--awb-text-color:#ffffff;--awb-font-size:16px;\"><div class=\"title-heading-left title-heading-tag fusion-responsive-typography-calculated\" style=\"margin:0;font-size:1em;--fontSize:16;--minFontSize:16;line-height:var(--awb-typography4-line-height);\">Visualiza el Show Digital Twin del Barcelona Meeting Point<\/p>\n<div>\n<ul>\n<li>Expositores: <b>280<\/b><\/li>\n<li>Asistentes presenciales: <b>16.000<\/b><\/li>\n<li>Asistentes online: <b>5.000<\/b><\/li>\n<li>Total asistentes: <b>21.000<\/b><\/li>\n<li>Tiempo medio navegaci\u00f3n: <b>29 minutos<\/b><\/li>\n<\/ul>\n<\/div><\/div><\/div><\/div><\/div><\/div><\/div><\/p>\n","protected":false},"excerpt":{"rendered":"","protected":false},"author":1,"featured_media":0,"parent":733,"menu_order":0,"comment_status":"closed","ping_status":"closed","template":"100-width.php","meta":{"footnotes":""},"class_list":["post-754","page","type-page","status-publish","hentry"],"yoast_head":"<!-- This site is optimized with the Yoast SEO plugin v27.3 - https:\/\/yoast.com\/product\/yoast-seo-wordpress\/ -->\n<title>Show Digital Twin - TwoTimes<\/title>\n<meta name=\"robots\" content=\"index, follow, max-snippet:-1, max-image-preview:large, max-video-preview:-1\" \/>\n<link rel=\"canonical\" href=\"https:\/\/twotimes.events\/ca\/serveis\/360o-experience\/\" \/>\n<meta property=\"og:locale\" content=\"ca_ES\" \/>\n<meta property=\"og:type\" content=\"article\" \/>\n<meta property=\"og:title\" content=\"Show Digital Twin - TwoTimes\" \/>\n<meta property=\"og:url\" content=\"https:\/\/twotimes.events\/ca\/serveis\/360o-experience\/\" \/>\n<meta property=\"og:site_name\" content=\"TwoTimes\" \/>\n<meta property=\"article:modified_time\" content=\"2024-02-09T11:37:58+00:00\" \/>\n<meta name=\"twitter:card\" content=\"summary_large_image\" \/>\n<meta name=\"twitter:label1\" content=\"Temps estimat de lectura\" \/>\n\t<meta name=\"twitter:data1\" content=\"5 minuts\" \/>\n<script type=\"application\/ld+json\" class=\"yoast-schema-graph\">{\"@context\":\"https:\\\/\\\/schema.org\",\"@graph\":[{\"@type\":\"WebPage\",\"@id\":\"https:\\\/\\\/twotimes.events\\\/ca\\\/serveis\\\/360o-experience\\\/\",\"url\":\"https:\\\/\\\/twotimes.events\\\/ca\\\/serveis\\\/360o-experience\\\/\",\"name\":\"Show Digital Twin - TwoTimes\",\"isPartOf\":{\"@id\":\"https:\\\/\\\/twotimes.events\\\/ca\\\/#website\"},\"datePublished\":\"2022-06-10T03:20:54+00:00\",\"dateModified\":\"2024-02-09T11:37:58+00:00\",\"breadcrumb\":{\"@id\":\"https:\\\/\\\/twotimes.events\\\/ca\\\/serveis\\\/360o-experience\\\/#breadcrumb\"},\"inLanguage\":\"ca\",\"potentialAction\":[{\"@type\":\"ReadAction\",\"target\":[\"https:\\\/\\\/twotimes.events\\\/ca\\\/serveis\\\/360o-experience\\\/\"]}]},{\"@type\":\"BreadcrumbList\",\"@id\":\"https:\\\/\\\/twotimes.events\\\/ca\\\/serveis\\\/360o-experience\\\/#breadcrumb\",\"itemListElement\":[{\"@type\":\"ListItem\",\"position\":1,\"name\":\"Portada\",\"item\":\"https:\\\/\\\/twotimes.events\\\/ca\\\/inicio\\\/\"},{\"@type\":\"ListItem\",\"position\":2,\"name\":\"Serveis\",\"item\":\"https:\\\/\\\/twotimes.events\\\/ca\\\/serveis\\\/\"},{\"@type\":\"ListItem\",\"position\":3,\"name\":\"Show Digital Twin\"}]},{\"@type\":\"WebSite\",\"@id\":\"https:\\\/\\\/twotimes.events\\\/ca\\\/#website\",\"url\":\"https:\\\/\\\/twotimes.events\\\/ca\\\/\",\"name\":\"TwoTimes\",\"description\":\"Twotimes - Transforming the timeline from today\",\"potentialAction\":[{\"@type\":\"SearchAction\",\"target\":{\"@type\":\"EntryPoint\",\"urlTemplate\":\"https:\\\/\\\/twotimes.events\\\/ca\\\/?s={search_term_string}\"},\"query-input\":{\"@type\":\"PropertyValueSpecification\",\"valueRequired\":true,\"valueName\":\"search_term_string\"}}],\"inLanguage\":\"ca\"}]}<\/script>\n<!-- \/ Yoast SEO plugin. -->","yoast_head_json":{"title":"Show Digital Twin - TwoTimes","robots":{"index":"index","follow":"follow","max-snippet":"max-snippet:-1","max-image-preview":"max-image-preview:large","max-video-preview":"max-video-preview:-1"},"canonical":"https:\/\/twotimes.events\/ca\/serveis\/360o-experience\/","og_locale":"ca_ES","og_type":"article","og_title":"Show Digital Twin - TwoTimes","og_url":"https:\/\/twotimes.events\/ca\/serveis\/360o-experience\/","og_site_name":"TwoTimes","article_modified_time":"2024-02-09T11:37:58+00:00","twitter_card":"summary_large_image","twitter_misc":{"Temps estimat de lectura":"5 minuts"},"schema":{"@context":"https:\/\/schema.org","@graph":[{"@type":"WebPage","@id":"https:\/\/twotimes.events\/ca\/serveis\/360o-experience\/","url":"https:\/\/twotimes.events\/ca\/serveis\/360o-experience\/","name":"Show Digital Twin - TwoTimes","isPartOf":{"@id":"https:\/\/twotimes.events\/ca\/#website"},"datePublished":"2022-06-10T03:20:54+00:00","dateModified":"2024-02-09T11:37:58+00:00","breadcrumb":{"@id":"https:\/\/twotimes.events\/ca\/serveis\/360o-experience\/#breadcrumb"},"inLanguage":"ca","potentialAction":[{"@type":"ReadAction","target":["https:\/\/twotimes.events\/ca\/serveis\/360o-experience\/"]}]},{"@type":"BreadcrumbList","@id":"https:\/\/twotimes.events\/ca\/serveis\/360o-experience\/#breadcrumb","itemListElement":[{"@type":"ListItem","position":1,"name":"Portada","item":"https:\/\/twotimes.events\/ca\/inicio\/"},{"@type":"ListItem","position":2,"name":"Serveis","item":"https:\/\/twotimes.events\/ca\/serveis\/"},{"@type":"ListItem","position":3,"name":"Show Digital Twin"}]},{"@type":"WebSite","@id":"https:\/\/twotimes.events\/ca\/#website","url":"https:\/\/twotimes.events\/ca\/","name":"TwoTimes","description":"Twotimes - Transforming the timeline from today","potentialAction":[{"@type":"SearchAction","target":{"@type":"EntryPoint","urlTemplate":"https:\/\/twotimes.events\/ca\/?s={search_term_string}"},"query-input":{"@type":"PropertyValueSpecification","valueRequired":true,"valueName":"search_term_string"}}],"inLanguage":"ca"}]}},"_links":{"self":[{"href":"https:\/\/twotimes.events\/ca\/wp-json\/wp\/v2\/pages\/754","targetHints":{"allow":["GET"]}}],"collection":[{"href":"https:\/\/twotimes.events\/ca\/wp-json\/wp\/v2\/pages"}],"about":[{"href":"https:\/\/twotimes.events\/ca\/wp-json\/wp\/v2\/types\/page"}],"author":[{"embeddable":true,"href":"https:\/\/twotimes.events\/ca\/wp-json\/wp\/v2\/users\/1"}],"replies":[{"embeddable":true,"href":"https:\/\/twotimes.events\/ca\/wp-json\/wp\/v2\/comments?post=754"}],"version-history":[{"count":14,"href":"https:\/\/twotimes.events\/ca\/wp-json\/wp\/v2\/pages\/754\/revisions"}],"predecessor-version":[{"id":1467,"href":"https:\/\/twotimes.events\/ca\/wp-json\/wp\/v2\/pages\/754\/revisions\/1467"}],"up":[{"embeddable":true,"href":"https:\/\/twotimes.events\/ca\/wp-json\/wp\/v2\/pages\/733"}],"wp:attachment":[{"href":"https:\/\/twotimes.events\/ca\/wp-json\/wp\/v2\/media?parent=754"}],"curies":[{"name":"wp","href":"https:\/\/api.w.org\/{rel}","templated":true}]}}