{"id":760,"date":"2022-06-14T16:12:08","date_gmt":"2022-06-14T14:12:08","guid":{"rendered":"https:\/\/twotimes.events\/serveis\/esdeveniment-hibrid\/"},"modified":"2024-02-09T12:45:12","modified_gmt":"2024-02-09T11:45:12","slug":"esdeveniment-hibrid","status":"publish","type":"page","link":"https:\/\/twotimes.events\/ca\/serveis\/esdeveniment-hibrid\/","title":{"rendered":"Integrated Show"},"content":{"rendered":"<p><div class=\"fusion-fullwidth fullwidth-box fusion-builder-row-1 fusion-flex-container nonhundred-percent-fullwidth non-hundred-percent-height-scrolling\" style=\"--awb-border-radius-top-left:0px;--awb-border-radius-top-right:0px;--awb-border-radius-bottom-right:0px;--awb-border-radius-bottom-left:0px;--awb-padding-top:140px;--awb-padding-bottom:60px;--awb-min-height:100vh;--awb-background-color:#000000;\" ><div class=\"fusion-builder-row fusion-row fusion-flex-align-items-flex-start fusion-flex-align-content-center\" style=\"max-width:1248px;margin-left: calc(-4% \/ 2 );margin-right: calc(-4% \/ 2 );\"><div class=\"fusion-layout-column fusion_builder_column fusion-builder-column-0 fusion_builder_column_1_2 1_2 fusion-flex-column\" style=\"--awb-bg-size:cover;--awb-width-large:50%;--awb-margin-top-large:0px;--awb-spacing-right-large:3.84%;--awb-margin-bottom-large:0px;--awb-spacing-left-large:3.84%;--awb-width-medium:50%;--awb-order-medium:0;--awb-spacing-right-medium:3.84%;--awb-spacing-left-medium:3.84%;--awb-width-small:100%;--awb-order-small:0;--awb-spacing-right-small:1.92%;--awb-spacing-left-small:1.92%;\"><div class=\"fusion-column-wrapper fusion-column-has-shadow fusion-flex-justify-content-flex-start fusion-content-layout-column\"><div class=\"fusion-title title fusion-title-1 fusion-sep-none fusion-title-text fusion-title-size-one\" style=\"--awb-text-color:#ffffff;--awb-margin-bottom:30px;--awb-font-size:40px;\"><h1 class=\"title-heading-left fusion-responsive-typography-calculated\" style=\"margin:0;font-size:1em;--fontSize:40;line-height:var(--awb-typography1-line-height);\">INTEGRATED SHOW <\/p>\n<p>Redueix la dist\u00e0ncia entre all\u00f2 f\u00edsic i la virtualitat<\/p><\/h1><\/div><div class=\"fusion-text fusion-text-1\" style=\"--awb-text-color:#ffffff;\"><p>Combina el millor dels dos mons i tra\u00e7a una experi\u00e8ncia bidireccional d&#8217;alt impacte.<\/p>\n<p><span style=\"color: var(--awb-text-color); font-family: var(--awb-text-font-family); font-size: var(--awb-font-size); font-style: var(--awb-text-font-style); font-weight: var(--awb-text-font-weight); letter-spacing: var(--awb-letter-spacing); text-align: var(--awb-content-alignment); text-transform: var(--awb-text-transform); background-color: var(--awb-bg-color-hover);\">Unint tota la tecnologia de two<\/span><span style=\"color: var(--awb-text-color); font-style: var(--awb-text-font-style); letter-spacing: var(--awb-letter-spacing); text-align: var(--awb-content-alignment); text-transform: var(--awb-text-transform); background-color: var(--awb-bg-color-hover); font-family: VT323; font-size: 24px;\" data-fusion-font=\"true\" data-fusion-google-font=\"VT323\" data-fusion-google-variant=\"400\">times<\/span><span style=\"color: var(--awb-text-color); font-family: var(--awb-text-font-family); font-size: var(--awb-font-size); font-style: var(--awb-text-font-style); font-weight: var(--awb-text-font-weight); letter-spacing: var(--awb-letter-spacing); text-align: var(--awb-content-alignment); text-transform: var(--awb-text-transform); background-color: var(--awb-bg-color-hover);\">, oferim la possibilitat de maximitzar l&#8217;abast i l&#8217;impacte dels esdeveniments f\u00edsics a trav\u00e9s de la seva digitalitzaci\u00f3 amb els serveis de Bess\u00f3 Digital 360\u00ba i la integraci\u00f3 del Software de Gesti\u00f3n D<\/span><span style=\"color: var(--awb-text-color); font-family: var(--awb-text-font-family); font-size: var(--awb-font-size); font-style: var(--awb-text-font-style); font-weight: var(--awb-text-font-weight); letter-spacing: var(--awb-letter-spacing); text-align: var(--awb-content-alignment); text-transform: var(--awb-text-transform); background-color: var(--awb-bg-color-hover);\">igital.<\/span><\/p>\n<p>Inclou els serveis de l&#8217;Expanded Show integrant a m\u00e9s, a l&#8217;espai d&#8217;Expositors, el Show Digital Twin (integrat en tan sols 24 hores des de l&#8217;inici de l&#8217;esdeveniment)<\/p>\n<p>Els principals beneficis s\u00f3n:<\/p>\n<ul>\n<li>Maximitzar l&#8217;impacte de l&#8217;esdeveniment f\u00edsic incorporant la versi\u00f3 en l\u00ednia de forma simult\u00e0nia<\/li>\n<li>Augmentar el valor de l&#8217;esdeveniment<\/li>\n<li>Incrementar la monetitzaci\u00f3 de l&#8217;organitzador<\/li>\n<li>Augment exponencial de visitants<\/li>\n<li>Major abast i impacte de l&#8217;esdeveniment<\/li>\n<li>Visibilitat m\u00e9s enll\u00e0 de l\u00e0rea geogr\u00e0fica de lesdeveniment (nacional i internacional)<\/li>\n<li>Increment del volum de negoci tant per a organitzadors com a expositors o col\u00b7laboradors<\/li>\n<li>Captaci\u00f3 de m\u00e8triques i dades<\/li>\n<\/ul>\n<\/div><\/div><\/div><div class=\"fusion-layout-column fusion_builder_column fusion-builder-column-1 fusion_builder_column_1_2 1_2 fusion-flex-column\" style=\"--awb-padding-top:4px;--awb-padding-right:5px;--awb-padding-bottom:2px;--awb-padding-left:21px;--awb-padding-top-small:0px;--awb-padding-right-small:47px;--awb-padding-bottom-small:40px;--awb-padding-left-small:125px;--awb-bg-size:cover;--awb-width-large:50%;--awb-margin-top-large:1px;--awb-spacing-right-large:14.4%;--awb-margin-bottom-large:3px;--awb-spacing-left-large:10.944%;--awb-width-medium:50%;--awb-order-medium:0;--awb-spacing-right-medium:14.4%;--awb-spacing-left-medium:10.944%;--awb-width-small:100%;--awb-order-small:0;--awb-spacing-right-small:7.776%;--awb-spacing-left-small:1.92%;\"><div class=\"fusion-column-wrapper fusion-column-has-shadow fusion-flex-justify-content-flex-start fusion-content-layout-column\"><div class=\"fusion-image-element \" style=\"--awb-caption-title-font-family:var(--h2_typography-font-family);--awb-caption-title-font-weight:var(--h2_typography-font-weight);--awb-caption-title-font-style:var(--h2_typography-font-style);--awb-caption-title-size:var(--h2_typography-font-size);--awb-caption-title-transform:var(--h2_typography-text-transform);--awb-caption-title-line-height:var(--h2_typography-line-height);--awb-caption-title-letter-spacing:var(--h2_typography-letter-spacing);\"><span class=\" fusion-imageframe imageframe-none imageframe-1 hover-type-none\" class=\"image-magnify\" class=\"image-scroll\"><img decoding=\"async\" width=\"974\" height=\"644\" title=\"Imatge evento hi\u0301brido interior\" src=\"https:\/\/twotimes.events\/wp-content\/uploads\/2024\/02\/Imatge-evento-hibrido-interior.png\" alt class=\"img-responsive wp-image-1260\" srcset=\"https:\/\/twotimes.events\/wp-content\/uploads\/2024\/02\/Imatge-evento-hibrido-interior-200x132.png 200w, https:\/\/twotimes.events\/wp-content\/uploads\/2024\/02\/Imatge-evento-hibrido-interior-400x264.png 400w, https:\/\/twotimes.events\/wp-content\/uploads\/2024\/02\/Imatge-evento-hibrido-interior-600x397.png 600w, https:\/\/twotimes.events\/wp-content\/uploads\/2024\/02\/Imatge-evento-hibrido-interior-800x529.png 800w, https:\/\/twotimes.events\/wp-content\/uploads\/2024\/02\/Imatge-evento-hibrido-interior.png 974w\" sizes=\"(max-width: 640px) 100vw, 600px\" \/><\/span><\/div><\/div><\/div><\/div><\/div><div class=\"fusion-fullwidth fullwidth-box fusion-builder-row-2 fusion-flex-container nonhundred-percent-fullwidth non-hundred-percent-height-scrolling\" style=\"--awb-border-radius-top-left:0px;--awb-border-radius-top-right:0px;--awb-border-radius-bottom-right:0px;--awb-border-radius-bottom-left:0px;--awb-padding-top:60px;--awb-padding-bottom:60px;--awb-background-color:var(--awb-color2);\" ><div class=\"fusion-builder-row fusion-row fusion-flex-align-items-flex-start\" style=\"max-width:1248px;margin-left: calc(-4% \/ 2 );margin-right: calc(-4% \/ 2 );\"><div class=\"fusion-layout-column fusion_builder_column fusion-builder-column-2 fusion_builder_column_1_1 1_1 fusion-flex-column\" style=\"--awb-bg-size:cover;--awb-width-large:100%;--awb-margin-top-large:0px;--awb-spacing-right-large:1.92%;--awb-margin-bottom-large:25px;--awb-spacing-left-large:1.92%;--awb-width-medium:100%;--awb-order-medium:0;--awb-spacing-right-medium:1.92%;--awb-spacing-left-medium:1.92%;--awb-width-small:100%;--awb-order-small:0;--awb-spacing-right-small:1.92%;--awb-spacing-left-small:1.92%;\"><div class=\"fusion-column-wrapper fusion-column-has-shadow fusion-flex-justify-content-flex-start fusion-content-layout-column\"><div class=\"fusion-title title fusion-title-2 fusion-sep-none fusion-title-text fusion-title-size-div\" style=\"--awb-text-color:#ffffff;--awb-margin-bottom:30px;--awb-font-size:30px;\"><div class=\"title-heading-left title-heading-tag fusion-responsive-typography-calculated\" style=\"margin:0;font-size:1em;--fontSize:30;line-height:var(--awb-typography4-line-height);\">Descobreix els nostres projectes &#8211; Integrated Show<\/div><\/div><\/div><\/div><div class=\"fusion-layout-column fusion_builder_column fusion-builder-column-3 fusion_builder_column_1_3 1_3 fusion-flex-column\" style=\"--awb-bg-size:cover;--awb-width-large:33.333333333333%;--awb-margin-top-large:0px;--awb-spacing-right-large:5.76%;--awb-margin-bottom-large:25px;--awb-spacing-left-large:5.76%;--awb-width-medium:33.333333333333%;--awb-order-medium:0;--awb-spacing-right-medium:5.76%;--awb-spacing-left-medium:5.76%;--awb-width-small:100%;--awb-order-small:0;--awb-spacing-right-small:1.92%;--awb-spacing-left-small:1.92%;\"><div class=\"fusion-column-wrapper fusion-column-has-shadow fusion-flex-justify-content-flex-start fusion-content-layout-column\"><\/div><\/div><div class=\"fusion-layout-column fusion_builder_column fusion-builder-column-4 fusion_builder_column_1_3 1_3 fusion-flex-column\" style=\"--awb-bg-size:cover;--awb-width-large:33.333333333333%;--awb-margin-top-large:0px;--awb-spacing-right-large:5.76%;--awb-margin-bottom-large:25px;--awb-spacing-left-large:5.76%;--awb-width-medium:33.333333333333%;--awb-order-medium:0;--awb-spacing-right-medium:5.76%;--awb-spacing-left-medium:5.76%;--awb-width-small:100%;--awb-order-small:0;--awb-spacing-right-small:1.92%;--awb-spacing-left-small:1.92%;\"><div class=\"fusion-column-wrapper fusion-column-has-shadow fusion-flex-justify-content-flex-start fusion-content-layout-column\"><div class=\"fusion-video fusion-youtube\" style=\"--awb-max-width:600px;--awb-max-height:360px;\"><div class=\"video-shortcode\"><priv-fac-lite-youtube class=\"fusion-hidden\" data-privacy-type=\"youtube\" videoid=\"tmYlohazDjs\" class=\"landscape\" params=\"wmode=transparent&autoplay=1&amp;rel=0&enablejsapi=1\" title=\"YouTube video player 1\" width=\"600\" height=\"360\"><\/priv-fac-lite-youtube><div class=\"fusion-privacy-placeholder\" style=\"width:600px; height:360px;\" data-privacy-type=\"youtube\"><div class=\"fusion-privacy-placeholder-content\"><div class=\"fusion-privacy-label\">For privacy reasons YouTube needs your permission to be loaded. For more details, please see our <a class=\"privacy-policy-link\" href=\"https:\/\/twotimes.events\/politica-privacidad\/\" rel=\"privacy-policy\">Pol\u00edtica de privacidad<\/a>.<\/div><a href=\"\" data-privacy-type=\"youtube\" class=\"fusion-button button-default fusion-button-default-size button fusion-privacy-consent\">I Accept<\/a><\/div><\/div><\/div><\/div><div class=\"fusion-title title fusion-title-3 fusion-sep-none fusion-title-text fusion-title-size-div\" style=\"--awb-text-color:#ffffff;--awb-font-size:22px;\"><div class=\"title-heading-left title-heading-tag fusion-responsive-typography-calculated\" style=\"margin:0;font-size:1em;--fontSize:22;--minFontSize:22;line-height:var(--awb-typography4-line-height);\">Fira de Mostres Girona<\/div><\/div><div class=\"fusion-title title fusion-title-4 fusion-sep-none fusion-title-text fusion-title-size-div\" style=\"--awb-text-color:#ffffff;--awb-font-size:16px;\"><div class=\"title-heading-left title-heading-tag fusion-responsive-typography-calculated\" style=\"margin:0;font-size:1em;--fontSize:16;--minFontSize:16;line-height:var(--awb-typography4-line-height);\">Visualitza l&#8217;Integrated Show de la Fira de Mostres de Girona<\/p>\n<div>\n<ul>\n<li>Expositors: <strong>500<\/strong><\/li>\n<li>Assistents presencials: <strong>20.000<\/strong><\/li>\n<li>Assistents online: <strong>5.000<\/strong><\/li>\n<li>Total assistents: <strong>25.000<\/strong><\/li>\n<\/ul>\n<\/div><\/div><\/div><\/div><\/div><\/div><\/div><\/p>\n","protected":false},"excerpt":{"rendered":"","protected":false},"author":1,"featured_media":0,"parent":733,"menu_order":0,"comment_status":"closed","ping_status":"closed","template":"100-width.php","meta":{"footnotes":""},"class_list":["post-760","page","type-page","status-publish","hentry"],"yoast_head":"<!-- This site is optimized with the Yoast SEO plugin v27.3 - https:\/\/yoast.com\/product\/yoast-seo-wordpress\/ -->\n<title>Integrated Show - TwoTimes<\/title>\n<meta name=\"robots\" content=\"index, follow, max-snippet:-1, max-image-preview:large, max-video-preview:-1\" \/>\n<link rel=\"canonical\" href=\"https:\/\/twotimes.events\/ca\/serveis\/esdeveniment-hibrid\/\" \/>\n<meta property=\"og:locale\" content=\"ca_ES\" \/>\n<meta property=\"og:type\" content=\"article\" \/>\n<meta property=\"og:title\" content=\"Integrated Show - TwoTimes\" \/>\n<meta property=\"og:url\" content=\"https:\/\/twotimes.events\/ca\/serveis\/esdeveniment-hibrid\/\" \/>\n<meta property=\"og:site_name\" content=\"TwoTimes\" \/>\n<meta property=\"article:modified_time\" content=\"2024-02-09T11:45:12+00:00\" \/>\n<meta name=\"twitter:card\" content=\"summary_large_image\" \/>\n<meta name=\"twitter:label1\" content=\"Temps estimat de lectura\" \/>\n\t<meta name=\"twitter:data1\" content=\"9 minuts\" \/>\n<script type=\"application\/ld+json\" class=\"yoast-schema-graph\">{\"@context\":\"https:\\\/\\\/schema.org\",\"@graph\":[{\"@type\":\"WebPage\",\"@id\":\"https:\\\/\\\/twotimes.events\\\/ca\\\/serveis\\\/esdeveniment-hibrid\\\/\",\"url\":\"https:\\\/\\\/twotimes.events\\\/ca\\\/serveis\\\/esdeveniment-hibrid\\\/\",\"name\":\"Integrated Show - TwoTimes\",\"isPartOf\":{\"@id\":\"https:\\\/\\\/twotimes.events\\\/ca\\\/#website\"},\"datePublished\":\"2022-06-14T14:12:08+00:00\",\"dateModified\":\"2024-02-09T11:45:12+00:00\",\"breadcrumb\":{\"@id\":\"https:\\\/\\\/twotimes.events\\\/ca\\\/serveis\\\/esdeveniment-hibrid\\\/#breadcrumb\"},\"inLanguage\":\"ca\",\"potentialAction\":[{\"@type\":\"ReadAction\",\"target\":[\"https:\\\/\\\/twotimes.events\\\/ca\\\/serveis\\\/esdeveniment-hibrid\\\/\"]}]},{\"@type\":\"BreadcrumbList\",\"@id\":\"https:\\\/\\\/twotimes.events\\\/ca\\\/serveis\\\/esdeveniment-hibrid\\\/#breadcrumb\",\"itemListElement\":[{\"@type\":\"ListItem\",\"position\":1,\"name\":\"Portada\",\"item\":\"https:\\\/\\\/twotimes.events\\\/ca\\\/inicio\\\/\"},{\"@type\":\"ListItem\",\"position\":2,\"name\":\"Serveis\",\"item\":\"https:\\\/\\\/twotimes.events\\\/ca\\\/serveis\\\/\"},{\"@type\":\"ListItem\",\"position\":3,\"name\":\"Integrated Show\"}]},{\"@type\":\"WebSite\",\"@id\":\"https:\\\/\\\/twotimes.events\\\/ca\\\/#website\",\"url\":\"https:\\\/\\\/twotimes.events\\\/ca\\\/\",\"name\":\"TwoTimes\",\"description\":\"Twotimes - Transforming the timeline from today\",\"potentialAction\":[{\"@type\":\"SearchAction\",\"target\":{\"@type\":\"EntryPoint\",\"urlTemplate\":\"https:\\\/\\\/twotimes.events\\\/ca\\\/?s={search_term_string}\"},\"query-input\":{\"@type\":\"PropertyValueSpecification\",\"valueRequired\":true,\"valueName\":\"search_term_string\"}}],\"inLanguage\":\"ca\"}]}<\/script>\n<!-- \/ Yoast SEO plugin. -->","yoast_head_json":{"title":"Integrated Show - TwoTimes","robots":{"index":"index","follow":"follow","max-snippet":"max-snippet:-1","max-image-preview":"max-image-preview:large","max-video-preview":"max-video-preview:-1"},"canonical":"https:\/\/twotimes.events\/ca\/serveis\/esdeveniment-hibrid\/","og_locale":"ca_ES","og_type":"article","og_title":"Integrated Show - TwoTimes","og_url":"https:\/\/twotimes.events\/ca\/serveis\/esdeveniment-hibrid\/","og_site_name":"TwoTimes","article_modified_time":"2024-02-09T11:45:12+00:00","twitter_card":"summary_large_image","twitter_misc":{"Temps estimat de lectura":"9 minuts"},"schema":{"@context":"https:\/\/schema.org","@graph":[{"@type":"WebPage","@id":"https:\/\/twotimes.events\/ca\/serveis\/esdeveniment-hibrid\/","url":"https:\/\/twotimes.events\/ca\/serveis\/esdeveniment-hibrid\/","name":"Integrated Show - TwoTimes","isPartOf":{"@id":"https:\/\/twotimes.events\/ca\/#website"},"datePublished":"2022-06-14T14:12:08+00:00","dateModified":"2024-02-09T11:45:12+00:00","breadcrumb":{"@id":"https:\/\/twotimes.events\/ca\/serveis\/esdeveniment-hibrid\/#breadcrumb"},"inLanguage":"ca","potentialAction":[{"@type":"ReadAction","target":["https:\/\/twotimes.events\/ca\/serveis\/esdeveniment-hibrid\/"]}]},{"@type":"BreadcrumbList","@id":"https:\/\/twotimes.events\/ca\/serveis\/esdeveniment-hibrid\/#breadcrumb","itemListElement":[{"@type":"ListItem","position":1,"name":"Portada","item":"https:\/\/twotimes.events\/ca\/inicio\/"},{"@type":"ListItem","position":2,"name":"Serveis","item":"https:\/\/twotimes.events\/ca\/serveis\/"},{"@type":"ListItem","position":3,"name":"Integrated Show"}]},{"@type":"WebSite","@id":"https:\/\/twotimes.events\/ca\/#website","url":"https:\/\/twotimes.events\/ca\/","name":"TwoTimes","description":"Twotimes - Transforming the timeline from today","potentialAction":[{"@type":"SearchAction","target":{"@type":"EntryPoint","urlTemplate":"https:\/\/twotimes.events\/ca\/?s={search_term_string}"},"query-input":{"@type":"PropertyValueSpecification","valueRequired":true,"valueName":"search_term_string"}}],"inLanguage":"ca"}]}},"_links":{"self":[{"href":"https:\/\/twotimes.events\/ca\/wp-json\/wp\/v2\/pages\/760","targetHints":{"allow":["GET"]}}],"collection":[{"href":"https:\/\/twotimes.events\/ca\/wp-json\/wp\/v2\/pages"}],"about":[{"href":"https:\/\/twotimes.events\/ca\/wp-json\/wp\/v2\/types\/page"}],"author":[{"embeddable":true,"href":"https:\/\/twotimes.events\/ca\/wp-json\/wp\/v2\/users\/1"}],"replies":[{"embeddable":true,"href":"https:\/\/twotimes.events\/ca\/wp-json\/wp\/v2\/comments?post=760"}],"version-history":[{"count":40,"href":"https:\/\/twotimes.events\/ca\/wp-json\/wp\/v2\/pages\/760\/revisions"}],"predecessor-version":[{"id":1491,"href":"https:\/\/twotimes.events\/ca\/wp-json\/wp\/v2\/pages\/760\/revisions\/1491"}],"up":[{"embeddable":true,"href":"https:\/\/twotimes.events\/ca\/wp-json\/wp\/v2\/pages\/733"}],"wp:attachment":[{"href":"https:\/\/twotimes.events\/ca\/wp-json\/wp\/v2\/media?parent=760"}],"curies":[{"name":"wp","href":"https:\/\/api.w.org\/{rel}","templated":true}]}}