{"id":766,"date":"2022-06-14T16:11:20","date_gmt":"2022-06-14T14:11:20","guid":{"rendered":"https:\/\/twotimes.events\/serveis\/fira-virtual\/"},"modified":"2024-02-29T10:51:30","modified_gmt":"2024-02-29T09:51:30","slug":"fira-virtual","status":"publish","type":"page","link":"https:\/\/twotimes.events\/ca\/serveis\/fira-virtual\/","title":{"rendered":"Extended Show"},"content":{"rendered":"<p><div class=\"fusion-fullwidth fullwidth-box fusion-builder-row-1 fusion-flex-container nonhundred-percent-fullwidth non-hundred-percent-height-scrolling\" style=\"--awb-border-radius-top-left:0px;--awb-border-radius-top-right:0px;--awb-border-radius-bottom-right:0px;--awb-border-radius-bottom-left:0px;--awb-padding-top:140px;--awb-padding-bottom:60px;--awb-min-height:100vh;--awb-background-color:#000000;\" ><div class=\"fusion-builder-row fusion-row fusion-flex-align-items-flex-start fusion-flex-align-content-center\" style=\"max-width:1248px;margin-left: calc(-4% \/ 2 );margin-right: calc(-4% \/ 2 );\"><div class=\"fusion-layout-column fusion_builder_column fusion-builder-column-0 fusion_builder_column_1_2 1_2 fusion-flex-column\" style=\"--awb-bg-size:cover;--awb-width-large:50%;--awb-margin-top-large:0px;--awb-spacing-right-large:0.576%;--awb-margin-bottom-large:0px;--awb-spacing-left-large:3.84%;--awb-width-medium:50%;--awb-order-medium:0;--awb-spacing-right-medium:0.576%;--awb-spacing-left-medium:3.84%;--awb-width-small:100%;--awb-order-small:0;--awb-spacing-right-small:1.92%;--awb-spacing-left-small:1.92%;\"><div class=\"fusion-column-wrapper fusion-column-has-shadow fusion-flex-justify-content-flex-start fusion-content-layout-column\"><div class=\"fusion-title title fusion-title-1 fusion-sep-none fusion-title-text fusion-title-size-one\" style=\"--awb-text-color:#ffffff;--awb-margin-bottom:30px;--awb-font-size:40px;\"><h1 class=\"title-heading-left fusion-responsive-typography-calculated\" style=\"margin:0;font-size:1em;--fontSize:40;line-height:var(--awb-typography1-line-height);\"><p>EXTENDED SHOW<\/p>\n<p>Gestiona la part digital del teu esdeveniment<\/p><\/h1><\/div><div class=\"fusion-text fusion-text-1\" style=\"--awb-text-color:#ffffff;\"><p>Conceptualitza i defineix el teu esdeveniment aprofitant totes les possibilitats creatives que ofereix el nostre software. Gestiona la part digital d&#8217;un esdeveniment amb l&#8217;eina de <span style=\"font-family: VT323; font-weight: 400; font-size: 22px;\" data-fusion-font=\"true\" data-fusion-google-font=\"VT323\" data-fusion-google-variant=\"400\"><span style=\"font-family: 'Space Grotesk'; font-weight: 400; font-size: 20px;\" data-fusion-font=\"true\" data-fusion-google-font=\"Space Grotesk\" data-fusion-google-variant=\"400\">two<\/span> <span style=\"font-size: 24px;\" data-fusion-font=\"true\">times<\/span><\/span> gr\u00e0cies a la darrera tecnologia web. El nostre software ofereix una experi\u00e8ncia intu\u00eftiva i completa a l&#8217;Expositor i al Visitant i una c\u00f2moda gesti\u00f3 a l&#8217;Organitzador.<\/p>\n<p>Inclou serveis com la creaci\u00f3 de perfils, directori d&#8217;expositors i\/o col\u00b7laboradors amb disseny d&#8217;estand personalitzat, cat\u00e0leg de productes i serveis, espai de programa per a confer\u00e8ncies, xat p\u00fablic per generar networking i xat privat, an\u00e0lisi de Big Data i personalitzacions ajustades a les necessitats de cada esdeveniment.<\/p>\n<p>Els principals beneficis s\u00f3n:<\/p>\n<ul>\n<li>Alta capacitat d&#8217;impacte i atracci\u00f3 de visitants<\/li>\n<li>Facilitat d&#8217;implementaci\u00f3 i de coordinaci\u00f3<\/li>\n<li>Complementar un esdeveniment f\u00edsic amb un espai virtual<\/li>\n<li>Oferir eines actualitzades a expositors i visitants<\/li>\n<li>Captaci\u00f3 d&#8217;informaci\u00f3 per a organitzadors i expositors<\/li>\n<\/ul>\n<p>&nbsp;<\/p>\n<p><span style=\"color: #f9f9f9;\"><u><a style=\"color: #f9f9f9;\" href=\"https:\/\/firavirtual.twotimes.events\/\" target=\"_blank\" rel=\"noopener noreferrer\">VISITA LA NOSTRA DEMO EN DIRECTE<\/a><\/u><\/span><span style=\"color: var(--awb-text-color); font-family: var(--awb-text-font-family); font-size: var(--awb-font-size); font-style: var(--awb-text-font-style); font-weight: var(--awb-text-font-weight); letter-spacing: var(--awb-letter-spacing); text-align: var(--awb-content-alignment); text-transform: var(--awb-text-transform); background-color: var(--awb-bg-color);\"><br \/>\n<\/span><\/p>\n<p><span style=\"color: var(--awb-text-color); font-family: var(--awb-text-font-family); font-size: var(--awb-font-size); font-style: var(--awb-text-font-style); font-weight: var(--awb-text-font-weight); letter-spacing: var(--awb-letter-spacing); text-align: var(--awb-content-alignment); text-transform: var(--awb-text-transform); background-color: var(--awb-bg-color);\">Registra&#8217;t amb el codi \u201cregistre-code\u201d i navega per descobrir el funcionament del nostre sistema.<\/span><\/p>\n<p>O visualitza la nostra DEMO en v\u00eddeo:<\/p>\n<p><u style=\"color: #ffffff;\"><a style=\"color: #ffffff;\" href=\"https:\/\/www.youtube.com\/watch?v=YaHZfqCULmY\" target=\"_blank\" rel=\"noopener noreferrer\">https:\/\/www.youtube.com\/watch?v=YaHZfqCULmY<\/a><\/u><\/p>\n<\/div><\/div><\/div><div class=\"fusion-layout-column fusion_builder_column fusion-builder-column-1 fusion_builder_column_1_2 1_2 fusion-flex-column\" style=\"--awb-bg-size:cover;--awb-width-large:50%;--awb-margin-top-large:0px;--awb-spacing-right-large:3.84%;--awb-margin-bottom-large:0px;--awb-spacing-left-large:3.84%;--awb-width-medium:50%;--awb-order-medium:0;--awb-spacing-right-medium:3.84%;--awb-spacing-left-medium:3.84%;--awb-width-small:100%;--awb-order-small:0;--awb-spacing-right-small:1.92%;--awb-spacing-left-small:1.92%;\"><div class=\"fusion-column-wrapper fusion-column-has-shadow fusion-flex-justify-content-flex-start fusion-content-layout-column\"><div class=\"fusion-image-element \" style=\"--awb-caption-title-font-family:var(--h2_typography-font-family);--awb-caption-title-font-weight:var(--h2_typography-font-weight);--awb-caption-title-font-style:var(--h2_typography-font-style);--awb-caption-title-size:var(--h2_typography-font-size);--awb-caption-title-transform:var(--h2_typography-text-transform);--awb-caption-title-line-height:var(--h2_typography-line-height);--awb-caption-title-letter-spacing:var(--h2_typography-letter-spacing);\"><span class=\" fusion-imageframe imageframe-none imageframe-1 hover-type-none\" class=\"image-magnify\" class=\"image-scroll\"><img decoding=\"async\" width=\"1370\" height=\"990\" title=\"Imatge software interior\" src=\"https:\/\/twotimes.events\/wp-content\/uploads\/2024\/02\/Imatge-software-interior.png\" alt class=\"img-responsive wp-image-1237\" srcset=\"https:\/\/twotimes.events\/wp-content\/uploads\/2024\/02\/Imatge-software-interior-200x145.png 200w, https:\/\/twotimes.events\/wp-content\/uploads\/2024\/02\/Imatge-software-interior-400x289.png 400w, https:\/\/twotimes.events\/wp-content\/uploads\/2024\/02\/Imatge-software-interior-600x434.png 600w, https:\/\/twotimes.events\/wp-content\/uploads\/2024\/02\/Imatge-software-interior-800x578.png 800w, https:\/\/twotimes.events\/wp-content\/uploads\/2024\/02\/Imatge-software-interior-1200x867.png 1200w, https:\/\/twotimes.events\/wp-content\/uploads\/2024\/02\/Imatge-software-interior.png 1370w\" sizes=\"(max-width: 640px) 100vw, 600px\" \/><\/span><\/div><\/div><\/div><\/div><\/div><div class=\"fusion-fullwidth fullwidth-box fusion-builder-row-2 fusion-flex-container nonhundred-percent-fullwidth non-hundred-percent-height-scrolling\" style=\"--awb-border-radius-top-left:0px;--awb-border-radius-top-right:0px;--awb-border-radius-bottom-right:0px;--awb-border-radius-bottom-left:0px;--awb-padding-top:60px;--awb-padding-bottom:60px;--awb-background-color:var(--awb-color2);\" ><div class=\"fusion-builder-row fusion-row fusion-flex-align-items-flex-start\" style=\"max-width:1248px;margin-left: calc(-4% \/ 2 );margin-right: calc(-4% \/ 2 );\"><div class=\"fusion-layout-column fusion_builder_column fusion-builder-column-2 fusion_builder_column_1_1 1_1 fusion-flex-column\" style=\"--awb-bg-size:cover;--awb-width-large:100%;--awb-margin-top-large:0px;--awb-spacing-right-large:1.92%;--awb-margin-bottom-large:25px;--awb-spacing-left-large:1.92%;--awb-width-medium:100%;--awb-order-medium:0;--awb-spacing-right-medium:1.92%;--awb-spacing-left-medium:1.92%;--awb-width-small:100%;--awb-order-small:0;--awb-spacing-right-small:1.92%;--awb-spacing-left-small:1.92%;\"><div class=\"fusion-column-wrapper fusion-column-has-shadow fusion-flex-justify-content-flex-start fusion-content-layout-column\"><div class=\"fusion-title title fusion-title-2 fusion-sep-none fusion-title-text fusion-title-size-div\" style=\"--awb-text-color:#ffffff;--awb-margin-bottom:30px;--awb-font-size:30px;\"><div class=\"title-heading-left title-heading-tag fusion-responsive-typography-calculated\" style=\"margin:0;font-size:1em;--fontSize:30;line-height:var(--awb-typography4-line-height);\">Descobreix els nostres projectes &#8211; Expanded Show<\/div><\/div><\/div><\/div><div class=\"fusion-layout-column fusion_builder_column fusion-builder-column-3 fusion_builder_column_1_3 1_3 fusion-flex-column\" style=\"--awb-bg-size:cover;--awb-width-large:33.333333333333%;--awb-margin-top-large:0px;--awb-spacing-right-large:5.76%;--awb-margin-bottom-large:25px;--awb-spacing-left-large:5.76%;--awb-width-medium:33.333333333333%;--awb-order-medium:0;--awb-spacing-right-medium:5.76%;--awb-spacing-left-medium:5.76%;--awb-width-small:100%;--awb-order-small:0;--awb-spacing-right-small:1.92%;--awb-spacing-left-small:1.92%;\"><div class=\"fusion-column-wrapper fusion-column-has-shadow fusion-flex-justify-content-flex-start fusion-content-layout-column\"><div class=\"fusion-video fusion-youtube\" style=\"--awb-max-width:600px;--awb-max-height:360px;\"><div class=\"video-shortcode\"><priv-fac-lite-youtube class=\"fusion-hidden\" data-privacy-type=\"youtube\" videoid=\"1_3eA71xbPw\" class=\"landscape\" params=\"wmode=transparent&autoplay=1&amp;rel=0&enablejsapi=1\" title=\"YouTube video player 1\" width=\"600\" height=\"360\"><\/priv-fac-lite-youtube><div class=\"fusion-privacy-placeholder\" style=\"width:600px; height:360px;\" data-privacy-type=\"youtube\"><div class=\"fusion-privacy-placeholder-content\"><div class=\"fusion-privacy-label\">For privacy reasons YouTube needs your permission to be loaded. For more details, please see our <a class=\"privacy-policy-link\" href=\"https:\/\/twotimes.events\/politica-privacidad\/\" rel=\"privacy-policy\">Pol\u00edtica de privacidad<\/a>.<\/div><a href=\"\" data-privacy-type=\"youtube\" class=\"fusion-button button-default fusion-button-default-size button fusion-privacy-consent\">I Accept<\/a><\/div><\/div><\/div><\/div><div class=\"fusion-title title fusion-title-3 fusion-sep-none fusion-title-text fusion-title-size-div\" style=\"--awb-text-color:#ffffff;--awb-font-size:22px;\"><div class=\"title-heading-left title-heading-tag fusion-responsive-typography-calculated\" style=\"margin:0;font-size:1em;--fontSize:22;--minFontSize:22;line-height:var(--awb-typography4-line-height);\">Fira d&#8217;Ocupaci\u00f3 TreballemGi<\/div><\/div><div class=\"fusion-title title fusion-title-4 fusion-sep-none fusion-title-text fusion-title-size-div\" style=\"--awb-text-color:#ffffff;--awb-font-size:16px;\"><div class=\"title-heading-left title-heading-tag fusion-responsive-typography-calculated\" style=\"margin:0;font-size:1em;--fontSize:16;--minFontSize:16;line-height:var(--awb-typography4-line-height);\">Visualitza l&#8217;Expanded Show implementat en la Fira d&#8217;Ocupaci\u00f3 TreballemGi<\/p>\n<ul>\n<li>Expositors: <b>75<\/b><\/li>\n<li>Assistents online: <strong>1.158<\/strong><\/li>\n<li>Interaccione: <strong>23.000<\/strong><\/li>\n<li>Temps mitj\u00e0: <strong>15:43<\/strong><\/li>\n<\/ul><\/div><\/div><\/div><\/div><div class=\"fusion-layout-column fusion_builder_column fusion-builder-column-4 fusion_builder_column_1_3 1_3 fusion-flex-column\" style=\"--awb-bg-size:cover;--awb-width-large:33.333333333333%;--awb-margin-top-large:0px;--awb-spacing-right-large:5.76%;--awb-margin-bottom-large:25px;--awb-spacing-left-large:5.76%;--awb-width-medium:33.333333333333%;--awb-order-medium:0;--awb-spacing-right-medium:5.76%;--awb-spacing-left-medium:5.76%;--awb-width-small:100%;--awb-order-small:0;--awb-spacing-right-small:1.92%;--awb-spacing-left-small:1.92%;\"><div class=\"fusion-column-wrapper fusion-column-has-shadow fusion-flex-justify-content-flex-start fusion-content-layout-column\"><div class=\"fusion-video fusion-youtube\" style=\"--awb-max-width:600px;--awb-max-height:360px;\"><div class=\"video-shortcode\"><priv-fac-lite-youtube class=\"fusion-hidden\" data-privacy-type=\"youtube\" videoid=\"vt3dJMaxU_c\" class=\"landscape\" params=\"wmode=transparent&autoplay=1&amp;rel=0&enablejsapi=1\" title=\"YouTube video player 2\" width=\"600\" height=\"360\"><\/priv-fac-lite-youtube><div class=\"fusion-privacy-placeholder\" style=\"width:600px; height:360px;\" data-privacy-type=\"youtube\"><div class=\"fusion-privacy-placeholder-content\"><div class=\"fusion-privacy-label\">For privacy reasons YouTube needs your permission to be loaded. For more details, please see our <a class=\"privacy-policy-link\" href=\"https:\/\/twotimes.events\/politica-privacidad\/\" rel=\"privacy-policy\">Pol\u00edtica de privacidad<\/a>.<\/div><a href=\"\" data-privacy-type=\"youtube\" class=\"fusion-button button-default fusion-button-default-size button fusion-privacy-consent\">I Accept<\/a><\/div><\/div><\/div><\/div><div class=\"fusion-title title fusion-title-5 fusion-sep-none fusion-title-text fusion-title-size-div\" style=\"--awb-text-color:#ffffff;--awb-font-size:22px;\"><div class=\"title-heading-left title-heading-tag fusion-responsive-typography-calculated\" style=\"margin:0;font-size:1em;--fontSize:22;--minFontSize:22;line-height:var(--awb-typography4-line-height);\"><span style=\"color: var(--awb-text-color); font-size: 1em; background-color: var(--awb-bg-color-hover); font-family: var(--body_typography-font-family); font-style: var(--body_typography-font-style,normal); font-weight: var(--body_typography-font-weight);\">B<\/span><span style=\"color: var(--awb-text-color); font-size: 1em; background-color: var(--awb-bg-color-hover); font-family: var(--body_typography-font-family); font-style: var(--body_typography-font-style,normal); font-weight: var(--body_typography-font-weight); letter-spacing: var(--body_typography-letter-spacing);\">ienal Costa Rica<\/span><\/div><\/div><div class=\"fusion-title title fusion-title-6 fusion-sep-none fusion-title-text fusion-title-size-div\" style=\"--awb-text-color:#ffffff;--awb-font-size:16px;\"><div class=\"title-heading-left title-heading-tag fusion-responsive-typography-calculated\" style=\"margin:0;font-size:1em;--fontSize:16;--minFontSize:16;line-height:var(--awb-typography4-line-height);\"><p>Visualitza l&#8217;Expanded Show implementat a la Bienal Costa Rica.<\/p>\n<ul>\n<li>Expositors: <b>30<\/b><\/li>\n<li><span style=\"color: var(--awb-text-color); font-size: 1em; background-color: var(--awb-bg-color-hover); font-family: var(--body_typography-font-family); font-style: var(--body_typography-font-style,normal); font-weight: var(--body_typography-font-weight); letter-spacing: var(--body_typography-letter-spacing);\">Assistents online:<\/span> <span style=\"color: var(--awb-text-color); font-size: 1em; background-color: var(--awb-bg-color-hover); font-family: var(--body_typography-font-family); font-style: var(--body_typography-font-style,normal); letter-spacing: var(--body_typography-letter-spacing);\"><b>1.026<\/b><\/span><\/li>\n<li>Interaccions: <b>16.200<\/b><\/li>\n<li>Tiempo mitj\u00e0: <b>20:03<\/b><\/li>\n<\/ul>\n<ul>\n<\/ul><\/div><\/div><\/div><\/div><div class=\"fusion-layout-column fusion_builder_column fusion-builder-column-5 fusion_builder_column_1_3 1_3 fusion-flex-column\" style=\"--awb-bg-size:cover;--awb-width-large:33.333333333333%;--awb-margin-top-large:0px;--awb-spacing-right-large:5.76%;--awb-margin-bottom-large:25px;--awb-spacing-left-large:5.76%;--awb-width-medium:33.333333333333%;--awb-order-medium:0;--awb-spacing-right-medium:5.76%;--awb-spacing-left-medium:5.76%;--awb-width-small:100%;--awb-order-small:0;--awb-spacing-right-small:1.92%;--awb-spacing-left-small:1.92%;\"><div class=\"fusion-column-wrapper fusion-column-has-shadow fusion-flex-justify-content-flex-start fusion-content-layout-column\"><div class=\"fusion-video fusion-youtube\" style=\"--awb-max-width:600px;--awb-max-height:360px;\"><div class=\"video-shortcode\"><priv-fac-lite-youtube class=\"fusion-hidden\" data-privacy-type=\"youtube\" videoid=\"3_ABMEIj2fo\" class=\"landscape\" params=\"wmode=transparent&autoplay=1&amp;rel=0&enablejsapi=1\" title=\"YouTube video player 3\" width=\"600\" height=\"360\"><\/priv-fac-lite-youtube><div class=\"fusion-privacy-placeholder\" style=\"width:600px; height:360px;\" data-privacy-type=\"youtube\"><div class=\"fusion-privacy-placeholder-content\"><div class=\"fusion-privacy-label\">For privacy reasons YouTube needs your permission to be loaded. For more details, please see our <a class=\"privacy-policy-link\" href=\"https:\/\/twotimes.events\/politica-privacidad\/\" rel=\"privacy-policy\">Pol\u00edtica de privacidad<\/a>.<\/div><a href=\"\" data-privacy-type=\"youtube\" class=\"fusion-button button-default fusion-button-default-size button fusion-privacy-consent\">I Accept<\/a><\/div><\/div><\/div><\/div><div class=\"fusion-title title fusion-title-7 fusion-sep-none fusion-title-text fusion-title-size-div\" style=\"--awb-text-color:#ffffff;--awb-font-size:22px;\"><div class=\"title-heading-left title-heading-tag fusion-responsive-typography-calculated\" style=\"margin:0;font-size:1em;--fontSize:22;--minFontSize:22;line-height:var(--awb-typography4-line-height);\">Connecta\u2019t a l\u2019FP<\/div><\/div><div class=\"fusion-title title fusion-title-8 fusion-sep-none fusion-title-text fusion-title-size-div\" style=\"--awb-text-color:#ffffff;--awb-font-size:16px;\"><div class=\"title-heading-left title-heading-tag fusion-responsive-typography-calculated\" style=\"margin:0;font-size:1em;--fontSize:16;--minFontSize:16;line-height:var(--awb-typography4-line-height);\">Visualitza l&#8217;Expanded Show implementat a la Fira Connecta FP<\/p>\n<ul>\n<li>Expositors: <strong>50<\/strong><\/li>\n<li>Assistents online: <strong>4.089<\/strong><\/li>\n<li>Interaccions: <strong>32.000<\/strong><\/li>\n<li><span style=\"color: var(--awb-text-color); font-size: 1em; background-color: var(--awb-bg-color-hover); font-family: var(--body_typography-font-family); font-style: var(--body_typography-font-style,normal); font-weight: var(--body_typography-font-weight); letter-spacing: var(--body_typography-letter-spacing);\">Temps mitj\u00e0: <\/span><strong style=\"color: var(--awb-text-color); font-size: 1em; background-color: var(--awb-bg-color-hover); font-family: var(--body_typography-font-family); font-style: var(--body_typography-font-style,normal); letter-spacing: var(--body_typography-letter-spacing);\">25:27<\/strong><\/li>\n<\/ul><\/div><\/div><\/div><\/div><\/div><\/div><\/p>\n","protected":false},"excerpt":{"rendered":"","protected":false},"author":1,"featured_media":0,"parent":733,"menu_order":0,"comment_status":"closed","ping_status":"closed","template":"100-width.php","meta":{"footnotes":""},"class_list":["post-766","page","type-page","status-publish","hentry"],"yoast_head":"<!-- This site is optimized with the Yoast SEO plugin v27.4 - https:\/\/yoast.com\/product\/yoast-seo-wordpress\/ -->\n<title>Extended Show - TwoTimes<\/title>\n<meta name=\"robots\" content=\"index, follow, max-snippet:-1, max-image-preview:large, max-video-preview:-1\" \/>\n<link rel=\"canonical\" href=\"https:\/\/twotimes.events\/ca\/serveis\/fira-virtual\/\" \/>\n<meta property=\"og:locale\" content=\"ca_ES\" \/>\n<meta property=\"og:type\" content=\"article\" \/>\n<meta property=\"og:title\" content=\"Extended Show - TwoTimes\" \/>\n<meta property=\"og:url\" content=\"https:\/\/twotimes.events\/ca\/serveis\/fira-virtual\/\" \/>\n<meta property=\"og:site_name\" content=\"TwoTimes\" \/>\n<meta property=\"article:modified_time\" content=\"2024-02-29T09:51:30+00:00\" \/>\n<meta name=\"twitter:card\" content=\"summary_large_image\" \/>\n<meta name=\"twitter:label1\" content=\"Temps estimat de lectura\" \/>\n\t<meta name=\"twitter:data1\" content=\"12 minuts\" \/>\n<script type=\"application\/ld+json\" class=\"yoast-schema-graph\">{\"@context\":\"https:\\\/\\\/schema.org\",\"@graph\":[{\"@type\":\"WebPage\",\"@id\":\"https:\\\/\\\/twotimes.events\\\/ca\\\/serveis\\\/fira-virtual\\\/\",\"url\":\"https:\\\/\\\/twotimes.events\\\/ca\\\/serveis\\\/fira-virtual\\\/\",\"name\":\"Extended Show - TwoTimes\",\"isPartOf\":{\"@id\":\"https:\\\/\\\/twotimes.events\\\/ca\\\/#website\"},\"datePublished\":\"2022-06-14T14:11:20+00:00\",\"dateModified\":\"2024-02-29T09:51:30+00:00\",\"breadcrumb\":{\"@id\":\"https:\\\/\\\/twotimes.events\\\/ca\\\/serveis\\\/fira-virtual\\\/#breadcrumb\"},\"inLanguage\":\"ca\",\"potentialAction\":[{\"@type\":\"ReadAction\",\"target\":[\"https:\\\/\\\/twotimes.events\\\/ca\\\/serveis\\\/fira-virtual\\\/\"]}]},{\"@type\":\"BreadcrumbList\",\"@id\":\"https:\\\/\\\/twotimes.events\\\/ca\\\/serveis\\\/fira-virtual\\\/#breadcrumb\",\"itemListElement\":[{\"@type\":\"ListItem\",\"position\":1,\"name\":\"Portada\",\"item\":\"https:\\\/\\\/twotimes.events\\\/ca\\\/inicio\\\/\"},{\"@type\":\"ListItem\",\"position\":2,\"name\":\"Serveis\",\"item\":\"https:\\\/\\\/twotimes.events\\\/ca\\\/serveis\\\/\"},{\"@type\":\"ListItem\",\"position\":3,\"name\":\"Extended Show\"}]},{\"@type\":\"WebSite\",\"@id\":\"https:\\\/\\\/twotimes.events\\\/ca\\\/#website\",\"url\":\"https:\\\/\\\/twotimes.events\\\/ca\\\/\",\"name\":\"TwoTimes\",\"description\":\"Twotimes - Transforming the timeline from today\",\"potentialAction\":[{\"@type\":\"SearchAction\",\"target\":{\"@type\":\"EntryPoint\",\"urlTemplate\":\"https:\\\/\\\/twotimes.events\\\/ca\\\/?s={search_term_string}\"},\"query-input\":{\"@type\":\"PropertyValueSpecification\",\"valueRequired\":true,\"valueName\":\"search_term_string\"}}],\"inLanguage\":\"ca\"}]}<\/script>\n<!-- \/ Yoast SEO plugin. -->","yoast_head_json":{"title":"Extended Show - TwoTimes","robots":{"index":"index","follow":"follow","max-snippet":"max-snippet:-1","max-image-preview":"max-image-preview:large","max-video-preview":"max-video-preview:-1"},"canonical":"https:\/\/twotimes.events\/ca\/serveis\/fira-virtual\/","og_locale":"ca_ES","og_type":"article","og_title":"Extended Show - TwoTimes","og_url":"https:\/\/twotimes.events\/ca\/serveis\/fira-virtual\/","og_site_name":"TwoTimes","article_modified_time":"2024-02-29T09:51:30+00:00","twitter_card":"summary_large_image","twitter_misc":{"Temps estimat de lectura":"12 minuts"},"schema":{"@context":"https:\/\/schema.org","@graph":[{"@type":"WebPage","@id":"https:\/\/twotimes.events\/ca\/serveis\/fira-virtual\/","url":"https:\/\/twotimes.events\/ca\/serveis\/fira-virtual\/","name":"Extended Show - TwoTimes","isPartOf":{"@id":"https:\/\/twotimes.events\/ca\/#website"},"datePublished":"2022-06-14T14:11:20+00:00","dateModified":"2024-02-29T09:51:30+00:00","breadcrumb":{"@id":"https:\/\/twotimes.events\/ca\/serveis\/fira-virtual\/#breadcrumb"},"inLanguage":"ca","potentialAction":[{"@type":"ReadAction","target":["https:\/\/twotimes.events\/ca\/serveis\/fira-virtual\/"]}]},{"@type":"BreadcrumbList","@id":"https:\/\/twotimes.events\/ca\/serveis\/fira-virtual\/#breadcrumb","itemListElement":[{"@type":"ListItem","position":1,"name":"Portada","item":"https:\/\/twotimes.events\/ca\/inicio\/"},{"@type":"ListItem","position":2,"name":"Serveis","item":"https:\/\/twotimes.events\/ca\/serveis\/"},{"@type":"ListItem","position":3,"name":"Extended Show"}]},{"@type":"WebSite","@id":"https:\/\/twotimes.events\/ca\/#website","url":"https:\/\/twotimes.events\/ca\/","name":"TwoTimes","description":"Twotimes - Transforming the timeline from today","potentialAction":[{"@type":"SearchAction","target":{"@type":"EntryPoint","urlTemplate":"https:\/\/twotimes.events\/ca\/?s={search_term_string}"},"query-input":{"@type":"PropertyValueSpecification","valueRequired":true,"valueName":"search_term_string"}}],"inLanguage":"ca"}]}},"_links":{"self":[{"href":"https:\/\/twotimes.events\/ca\/wp-json\/wp\/v2\/pages\/766","targetHints":{"allow":["GET"]}}],"collection":[{"href":"https:\/\/twotimes.events\/ca\/wp-json\/wp\/v2\/pages"}],"about":[{"href":"https:\/\/twotimes.events\/ca\/wp-json\/wp\/v2\/types\/page"}],"author":[{"embeddable":true,"href":"https:\/\/twotimes.events\/ca\/wp-json\/wp\/v2\/users\/1"}],"replies":[{"embeddable":true,"href":"https:\/\/twotimes.events\/ca\/wp-json\/wp\/v2\/comments?post=766"}],"version-history":[{"count":37,"href":"https:\/\/twotimes.events\/ca\/wp-json\/wp\/v2\/pages\/766\/revisions"}],"predecessor-version":[{"id":1569,"href":"https:\/\/twotimes.events\/ca\/wp-json\/wp\/v2\/pages\/766\/revisions\/1569"}],"up":[{"embeddable":true,"href":"https:\/\/twotimes.events\/ca\/wp-json\/wp\/v2\/pages\/733"}],"wp:attachment":[{"href":"https:\/\/twotimes.events\/ca\/wp-json\/wp\/v2\/media?parent=766"}],"curies":[{"name":"wp","href":"https:\/\/api.w.org\/{rel}","templated":true}]}}